{"id":173,"date":"2019-06-30T16:54:51","date_gmt":"2019-06-30T14:54:51","guid":{"rendered":"https:\/\/softwaredev.de\/?page_id=173"},"modified":"2025-04-27T15:42:14","modified_gmt":"2025-04-27T13:42:14","slug":"blog","status":"publish","type":"page","link":"https:\/\/softwaredev.de\/index.php\/blog\/","title":{"rendered":"Blog"},"content":{"rendered":"<h4>Das ist mein Blog zu Themen und Projekten zu denen ich f\u00fcr interessierte zus\u00e4tzliche Informationen, Bilder, Videos, etc. liefern m\u00f6chte.<\/h4>\n<p>Hier eine \u00dcbersicht meiner Blogbeitr\u00e4ge:<\/p>\n\n<ul class=\"wp-block-latest-posts__list wp-block-latest-posts\"><li><a class=\"wp-block-latest-posts__post-title\" href=\"https:\/\/softwaredev.de\/index.php\/2019\/07\/09\/machine-learning-earthquake-prediction\/\">Machine Learning &#8211; Earthquake Prediction<\/a><\/li>\n<\/ul>\n\n\n<p><a href=\"https:\/\/medium.com\/@tsteidle\/vibe-coding-as-a-senior-developer-a-personal-experience-part-1-2fd0be9d21ca\" target=\"_blank\" rel=\"noreferrer noopener\">Vibe Coding as a Senior Developer: A Personal Experience (Part 1)<\/a><\/p>\n\n\n\n<p><a href=\"https:\/\/medium.com\/@tsteidle\/creating-an-mcp-server-with-spring-boot-setup-debugging-and-unit-testing-8edbac9da5a6\" target=\"_blank\" rel=\"noreferrer noopener\">Creating an MCP Server with Spring Boot: Setup, Debugging, and Unit Testing<\/a><\/p>\n\n\n\n<p><\/p>\n","protected":false},"excerpt":{"rendered":"<p>Das ist mein Blog zu Themen und Projekten zu denen ich f\u00fcr interessierte zus\u00e4tzliche Informationen, Bilder, Videos, etc. liefern m\u00f6chte. Hier eine \u00dcbersicht meiner Blogbeitr\u00e4ge: Vibe Coding as a Senior Developer: A Personal Experience (Part 1) Creating an MCP Server with Spring Boot: Setup, Debugging, and Unit Testing [&#8230;]<\/p>\n<p><a class=\"btn btn-secondary understrap-read-more-link\" href=\"https:\/\/softwaredev.de\/index.php\/blog\/\">Weiterlesen\u00a0\u2026<span class=\"screen-reader-text\"> from Blog<\/span><\/a><\/p>\n","protected":false},"author":1,"featured_media":0,"parent":0,"menu_order":0,"comment_status":"closed","ping_status":"closed","template":"page-templates\/right-sidebarpage.php","meta":{"_monsterinsights_skip_tracking":false,"_monsterinsights_sitenote_active":false,"_monsterinsights_sitenote_note":"","_monsterinsights_sitenote_category":0,"footnotes":""},"class_list":["post-173","page","type-page","status-publish","hentry"],"yoast_head":"<!-- This site is optimized with the Yoast SEO plugin v27.0 - https:\/\/yoast.com\/product\/yoast-seo-wordpress\/ -->\n<title>Blog - Tobias Steidle Software Development<\/title>\n<meta name=\"robots\" content=\"index, follow, max-snippet:-1, max-image-preview:large, max-video-preview:-1\" \/>\n<link rel=\"canonical\" href=\"https:\/\/softwaredev.de\/index.php\/blog\/\" \/>\n<meta property=\"og:locale\" content=\"de_DE\" \/>\n<meta property=\"og:type\" content=\"article\" \/>\n<meta property=\"og:title\" content=\"Blog - Tobias Steidle Software Development\" \/>\n<meta property=\"og:description\" content=\"Das ist mein Blog zu Themen und Projekten zu denen ich f\u00fcr interessierte zus\u00e4tzliche Informationen, Bilder, Videos, etc. liefern m\u00f6chte. Hier eine \u00dcbersicht meiner Blogbeitr\u00e4ge: Vibe Coding as a Senior Developer: A Personal Experience (Part 1) Creating an MCP Server with Spring Boot: Setup, Debugging, and Unit Testing [...]Weiterlesen\u00a0\u2026 from Blog\" \/>\n<meta property=\"og:url\" content=\"https:\/\/softwaredev.de\/index.php\/blog\/\" \/>\n<meta property=\"og:site_name\" content=\"Tobias Steidle Software Development\" \/>\n<meta property=\"article:modified_time\" content=\"2025-04-27T13:42:14+00:00\" \/>\n<meta name=\"twitter:card\" content=\"summary_large_image\" \/>\n<meta name=\"twitter:label1\" content=\"Gesch\u00e4tzte Lesezeit\" \/>\n\t<meta name=\"twitter:data1\" content=\"1\u00a0Minute\" \/>\n<script type=\"application\/ld+json\" class=\"yoast-schema-graph\">{\"@context\":\"https:\/\/schema.org\",\"@graph\":[{\"@type\":\"WebPage\",\"@id\":\"https:\/\/softwaredev.de\/index.php\/blog\/\",\"url\":\"https:\/\/softwaredev.de\/index.php\/blog\/\",\"name\":\"Blog - Tobias Steidle Software Development\",\"isPartOf\":{\"@id\":\"https:\/\/softwaredev.de\/#website\"},\"datePublished\":\"2019-06-30T14:54:51+00:00\",\"dateModified\":\"2025-04-27T13:42:14+00:00\",\"breadcrumb\":{\"@id\":\"https:\/\/softwaredev.de\/index.php\/blog\/#breadcrumb\"},\"inLanguage\":\"de\",\"potentialAction\":[{\"@type\":\"ReadAction\",\"target\":[\"https:\/\/softwaredev.de\/index.php\/blog\/\"]}]},{\"@type\":\"BreadcrumbList\",\"@id\":\"https:\/\/softwaredev.de\/index.php\/blog\/#breadcrumb\",\"itemListElement\":[{\"@type\":\"ListItem\",\"position\":1,\"name\":\"Startseite\",\"item\":\"https:\/\/softwaredev.de\/\"},{\"@type\":\"ListItem\",\"position\":2,\"name\":\"Blog\"}]},{\"@type\":\"WebSite\",\"@id\":\"https:\/\/softwaredev.de\/#website\",\"url\":\"https:\/\/softwaredev.de\/\",\"name\":\"Tobias Steidle Software Development\",\"description\":\"Senior Full Stack Software Architect \/ Developer \/ Engineer (Freelancer) - Professionelle Softwareentwicklung, Machine Learning, Blockchain\",\"publisher\":{\"@id\":\"https:\/\/softwaredev.de\/#\/schema\/person\/927e8a1038a3de7a583d219c786adfdc\"},\"potentialAction\":[{\"@type\":\"SearchAction\",\"target\":{\"@type\":\"EntryPoint\",\"urlTemplate\":\"https:\/\/softwaredev.de\/?s={search_term_string}\"},\"query-input\":{\"@type\":\"PropertyValueSpecification\",\"valueRequired\":true,\"valueName\":\"search_term_string\"}}],\"inLanguage\":\"de\"},{\"@type\":[\"Person\",\"Organization\"],\"@id\":\"https:\/\/softwaredev.de\/#\/schema\/person\/927e8a1038a3de7a583d219c786adfdc\",\"name\":\"Tobias Steidle\",\"image\":{\"@type\":\"ImageObject\",\"inLanguage\":\"de\",\"@id\":\"https:\/\/softwaredev.de\/#\/schema\/person\/image\/\",\"url\":\"https:\/\/softwaredev.de\/wp-content\/uploads\/2019\/06\/profil.jpeg\",\"contentUrl\":\"https:\/\/softwaredev.de\/wp-content\/uploads\/2019\/06\/profil.jpeg\",\"width\":200,\"height\":245,\"caption\":\"Tobias Steidle\"},\"logo\":{\"@id\":\"https:\/\/softwaredev.de\/#\/schema\/person\/image\/\"}}]}<\/script>\n<!-- \/ Yoast SEO plugin. -->","yoast_head_json":{"title":"Blog - Tobias Steidle Software Development","robots":{"index":"index","follow":"follow","max-snippet":"max-snippet:-1","max-image-preview":"max-image-preview:large","max-video-preview":"max-video-preview:-1"},"canonical":"https:\/\/softwaredev.de\/index.php\/blog\/","og_locale":"de_DE","og_type":"article","og_title":"Blog - Tobias Steidle Software Development","og_description":"Das ist mein Blog zu Themen und Projekten zu denen ich f\u00fcr interessierte zus\u00e4tzliche Informationen, Bilder, Videos, etc. liefern m\u00f6chte. Hier eine \u00dcbersicht meiner Blogbeitr\u00e4ge: Vibe Coding as a Senior Developer: A Personal Experience (Part 1) Creating an MCP Server with Spring Boot: Setup, Debugging, and Unit Testing [...]Weiterlesen\u00a0\u2026 from Blog","og_url":"https:\/\/softwaredev.de\/index.php\/blog\/","og_site_name":"Tobias Steidle Software Development","article_modified_time":"2025-04-27T13:42:14+00:00","twitter_card":"summary_large_image","twitter_misc":{"Gesch\u00e4tzte Lesezeit":"1\u00a0Minute"},"schema":{"@context":"https:\/\/schema.org","@graph":[{"@type":"WebPage","@id":"https:\/\/softwaredev.de\/index.php\/blog\/","url":"https:\/\/softwaredev.de\/index.php\/blog\/","name":"Blog - Tobias Steidle Software Development","isPartOf":{"@id":"https:\/\/softwaredev.de\/#website"},"datePublished":"2019-06-30T14:54:51+00:00","dateModified":"2025-04-27T13:42:14+00:00","breadcrumb":{"@id":"https:\/\/softwaredev.de\/index.php\/blog\/#breadcrumb"},"inLanguage":"de","potentialAction":[{"@type":"ReadAction","target":["https:\/\/softwaredev.de\/index.php\/blog\/"]}]},{"@type":"BreadcrumbList","@id":"https:\/\/softwaredev.de\/index.php\/blog\/#breadcrumb","itemListElement":[{"@type":"ListItem","position":1,"name":"Startseite","item":"https:\/\/softwaredev.de\/"},{"@type":"ListItem","position":2,"name":"Blog"}]},{"@type":"WebSite","@id":"https:\/\/softwaredev.de\/#website","url":"https:\/\/softwaredev.de\/","name":"Tobias Steidle Software Development","description":"Senior Full Stack Software Architect \/ Developer \/ Engineer (Freelancer) - Professionelle Softwareentwicklung, Machine Learning, Blockchain","publisher":{"@id":"https:\/\/softwaredev.de\/#\/schema\/person\/927e8a1038a3de7a583d219c786adfdc"},"potentialAction":[{"@type":"SearchAction","target":{"@type":"EntryPoint","urlTemplate":"https:\/\/softwaredev.de\/?s={search_term_string}"},"query-input":{"@type":"PropertyValueSpecification","valueRequired":true,"valueName":"search_term_string"}}],"inLanguage":"de"},{"@type":["Person","Organization"],"@id":"https:\/\/softwaredev.de\/#\/schema\/person\/927e8a1038a3de7a583d219c786adfdc","name":"Tobias Steidle","image":{"@type":"ImageObject","inLanguage":"de","@id":"https:\/\/softwaredev.de\/#\/schema\/person\/image\/","url":"https:\/\/softwaredev.de\/wp-content\/uploads\/2019\/06\/profil.jpeg","contentUrl":"https:\/\/softwaredev.de\/wp-content\/uploads\/2019\/06\/profil.jpeg","width":200,"height":245,"caption":"Tobias Steidle"},"logo":{"@id":"https:\/\/softwaredev.de\/#\/schema\/person\/image\/"}}]}},"_links":{"self":[{"href":"https:\/\/softwaredev.de\/index.php\/wp-json\/wp\/v2\/pages\/173","targetHints":{"allow":["GET"]}}],"collection":[{"href":"https:\/\/softwaredev.de\/index.php\/wp-json\/wp\/v2\/pages"}],"about":[{"href":"https:\/\/softwaredev.de\/index.php\/wp-json\/wp\/v2\/types\/page"}],"author":[{"embeddable":true,"href":"https:\/\/softwaredev.de\/index.php\/wp-json\/wp\/v2\/users\/1"}],"replies":[{"embeddable":true,"href":"https:\/\/softwaredev.de\/index.php\/wp-json\/wp\/v2\/comments?post=173"}],"version-history":[{"count":5,"href":"https:\/\/softwaredev.de\/index.php\/wp-json\/wp\/v2\/pages\/173\/revisions"}],"predecessor-version":[{"id":782,"href":"https:\/\/softwaredev.de\/index.php\/wp-json\/wp\/v2\/pages\/173\/revisions\/782"}],"wp:attachment":[{"href":"https:\/\/softwaredev.de\/index.php\/wp-json\/wp\/v2\/media?parent=173"}],"curies":[{"name":"wp","href":"https:\/\/api.w.org\/{rel}","templated":true}]}}